{"id":2411,"date":"2021-02-18T08:46:02","date_gmt":"2021-02-18T08:46:02","guid":{"rendered":"https:\/\/wpfrank.com\/demo\/slider-factory-pro\/?page_id=2411"},"modified":"2021-04-05T08:37:57","modified_gmt":"2021-04-05T08:37:57","slug":"layout-7","status":"publish","type":"page","link":"https:\/\/wpfrank.com\/demo\/slider-factory-pro\/layout-7\/","title":{"rendered":"Layout 7"},"content":{"rendered":"<p>[vc_row full_width=&#8221;stretch_row_content_no_spaces&#8221;][vc_column][vc_column_text]<\/p>\n<h4 class=\"has-text-align-center wp-block-heading\"><strong>An Example With\u00a0Title, Description, Button-Links and Custom CSS<\/strong><\/h4>\n<p><br \/>\n\r\n<style>\r\n\r\n\r\n.sf-7-rotating-slider-container-74 *{\r\n\tbox-sizing: content-box;\r\n}\r\n\r\n.sf-7-rotating-slider-container-74 {\r\n\t\/*background: #333;*\/\r\n\tfont-family: 'Roboto Slab', sans-serif;\r\n\tfont-weight: 300;\r\n\t\t\toverflow: hidden;\t\t\t\t\t\t\t\t\t\t\t\/*full circle overflow-x: hidden or half - overflow: hidden*\/\r\n\t\t\twidth:100% !important;\t\t\t\t\t\t\t\t\t\t\t\t\t\/*width of slider container*\/\r\n\theight:1200px !important;\t\t\t\t\t\t\t\t\t\t\t\t\/*height of slide container*\/\r\n}\r\n\r\n.sf-7-rotating-slider ul.slides li {\r\n\tbackground-position: center;\r\n\tbackground-repeat: no-repeat;\r\n\tbackground-size: cover;\r\n}\r\n\r\n.sf-7-rotating-slider ul.slides li .inner {\r\n\tbox-sizing: border-box;\r\n\tpadding-left: 2em  !important;\r\n\tpadding-right: 2em  !important;\r\n\theight: 100%;\r\n\twidth: 100%;\r\n\tword-wrap: break-word;\r\n}\r\n\r\n.sf-7-rotating-slider ul.slides li .inner .sf-7-title{\r\n\tfont-size: 32px;\r\n\tcolor: #eeeeee  !important;\t\t\t\t\t\t\t\t\t\t\t\t\/*Tille Description color*\/\r\n\ttext-shadow: 1px 1px #616161  !important;\t\t\t\t\t\t\t\t\/*Tille Description shadow color*\/\r\n}\r\n\r\n.sf-7-rotating-slider ul.slides li .inner .sf-7-desc{\r\n\tfont-size: 16px;\r\n\tcolor: #eeeeee  !important;\t\t\t\t\t\t\t\t\t\t\t\t\/*Tille Description color*\/\r\n\ttext-shadow: 1px 1px #616161  !important;\t\t\t\t\t\t\t\t\/*Tille Description shadow color*\/\r\n\tmargin-bottom: 0 !important; \r\n}\r\n\r\n.sf-7-rotating-slider ul.slides li .inner .sf-7-button1 {\r\n\tbackground-color: #F1F1F1; \r\n\tcolor: black; border: none; \r\n\tcursor: pointer; \r\n\tborder-radius: 0px; \r\n\ttext-align: center; \r\n\tpadding: 5px 15px; \r\n\ttransition: all .3s;\r\n}\r\n\r\n.sf-7-rotating-slider ul.slides li .inner .sf-7-button2 {\r\n\tbackground-color: #F1F1F1; \r\n\tcolor: black; border: none; \r\n\tcursor: pointer; \r\n\tborder-radius: 0px; \r\n\ttext-align: center; \r\n\tpadding: 5px 15px; \r\n\ttransition: all .3s;\r\n}\r\n\r\n.sf-7-rotating-slider ul.slides li .inner .sf-7-button1:hover {\r\n\tbackground-color: #3E3D3D; \r\n\tcolor: white; \r\n}\r\n\r\n.sf-7-rotating-slider ul.slides li .inner .sf-7-button2:hover {\r\n\tbackground-color: #3E3D3D; \r\n\tcolor: white; \r\n}\r\n\r\n.sf-7-rotating-slider-container-74{ background-color : #F1F3F4; } .sf-7-rotating-slider-container-74 .sf-7-rotating-slider ul.slides li .inner { padding-top: 2em !important; padding-bottom: 2em !important; } .sf-7-rotating-slider-container-74 .sf-7-rotating-slider ul.slides li .inner .sf-7-button1{ margin-top: 25px !important; } .sf-7-rotating-slider-container-74 .sf-7-rotating-slider ul.slides li .inner .sf-7-button2{ margin-top: 25px !important; } .sf-7-rotating-slider-container-74 li:nth-child(even) .inner { display: none; }\r\n<\/style>\r\n\r\n<!-- slider start-->\r\n<div class=\"sf-7-rotating-slider-container-74\">\r\n\t<div class=\"sf-7-rotating-slider\">\r\n\t\t<ul class=\"slides\">\r\n\t\t\t\t\t\t\t<li style=\"\tbackground-image: url('https:\/\/wpfrank.com\/demo\/slider-factory-pro\/wp-content\/uploads\/sites\/8\/2021\/02\/Christ-the-redeemer-col.jpg');\" role=\"img\" aria-label=\"\"  title=\"\">\r\n\t\t\t\t\t\t<div class=\"inner\">\r\n\t\t\t\t\t\t\t<div class=\"sf-7-title\">Chichen Itza<\/div>\t\t\t\t\t\t\t\t\t\t\t\t\t<!-- Slide Title -->\r\n\t\t\t\t\t\t\t<div class=\"sf-7-desc\">Chich\u00e9n Itz\u00e1 is a complex of Mayan ruins on Mexico&#039;s Yucat\u00e1n Peninsula. A massive step pyramid, known as El Castillo or Temple of Kukulcan, dominates the ancient city, which thrived from around 600 A.D. to the 1200s.<\/div>\t\t\t\t\t\t\t\t\t\t<!-- Slide Desc -->\r\n\r\n\t\t\t\t\t\t\t\t\t\t\t\t\t<a class=\"sf-1-slide-button-link-1\" href=\"https:\/\/en.wikipedia.org\/wiki\/Chichen_Itza\" target=\"_blank\">\t\t\t<!-- Slide Button 1 and link1 -->\r\n\t\t\t\t\t\t\t\t<button type=\"button\" class=\"sf-1-slide-button-1  sf-7-button1\">\r\n\t\t\t\t\t\t\t\tMore\t\t\t\t\t\t\t\t<\/button>\r\n\t\t\t\t\t\t\t<\/a>\r\n\t\t\t\t\t\t\t\r\n\t\t\t\t\t\t\t\t\t\t\t\t\t<a class=\"sf-1-slide-button-link-2\" href=\"https:\/\/www.google.com\/search?q=chichen+itza&#038;rlz=1C1CHBF_enIN918IN918&#038;sxsrf=ALeKk019X4iV8C-7fhQN1zt-6Kz9KGPW9A:1613644827415&#038;source=lnms&#038;tbm=isch&#038;sa=X&#038;ved=2ahUKEwjE8-y1n_PuAhV2zDgGHWXuBvMQ_AUoAXoECCAQAw&#038;biw=1920&#038;bih=937\" target=\"_blank\">\t\t\t<!-- Slide Button 2 and link2 -->\r\n\t\t\t\t\t\t\t\t<button type=\"button\" class=\"sf-1-slide-button-2  sf-7-button2\">\r\n\t\t\t\t\t\t\t\t\tGallery\t\t\t\t\t\t\t\t<\/button>\r\n\t\t\t\t\t\t\t<\/a>\r\n\t\t\t\t\t\t\t\t\t\t\t\t\t<\/div>\r\n\t\t\t\t\t<\/li>\r\n\t\t\t\t\t\t\t\t\t<li style=\"\tbackground-image: url('https:\/\/wpfrank.com\/demo\/slider-factory-pro\/wp-content\/uploads\/sites\/8\/2021\/02\/chichen-itza.jpg');\" role=\"img\" aria-label=\"Chichen Itza\"  title=\"Chichen Itza\">\r\n\t\t\t\t\t\t<div class=\"inner\">\r\n\t\t\t\t\t\t\t<div class=\"sf-7-title\">Chichen Itza<\/div>\t\t\t\t\t\t\t\t\t\t\t\t\t<!-- Slide Title -->\r\n\t\t\t\t\t\t\t<div class=\"sf-7-desc\">Chich\u00e9n Itz\u00e1 is a complex of Mayan ruins on Mexico&#039;s Yucat\u00e1n Peninsula. A massive step pyramid, known as El Castillo or Temple of Kukulcan, dominates the ancient city, which thrived from around 600 A.D. to the 1200s.<\/div>\t\t\t\t\t\t\t\t\t\t<!-- Slide Desc -->\r\n\r\n\t\t\t\t\t\t\r\n\t\t\t\t\t\t\t\t\t\t\t\t<\/div>\r\n\t\t\t\t\t<\/li>\r\n\t\t\t\t\t\t\t\t\t<li style=\"\tbackground-image: url('https:\/\/wpfrank.com\/demo\/slider-factory-pro\/wp-content\/uploads\/sites\/8\/2021\/02\/Christ-the-redeemer-col-Copy.jpg');\" role=\"img\" aria-label=\"\"  title=\"\">\r\n\t\t\t\t\t\t<div class=\"inner\">\r\n\t\t\t\t\t\t\t<div class=\"sf-7-title\">Christ the Redeemer<\/div>\t\t\t\t\t\t\t\t\t\t\t\t\t<!-- Slide Title -->\r\n\t\t\t\t\t\t\t<div class=\"sf-7-desc\">Christ the Redeemer is an Art Deco statue of Jesus Christ in Rio de Janeiro, Brazil, created by Polish-French sculptor Paul Landowski and built by Brazilian engineer Heitor da Silva Costa, in collaboration with French engineer Albert Caquot.<\/div>\t\t\t\t\t\t\t\t\t\t<!-- Slide Desc -->\r\n\r\n\t\t\t\t\t\t\t\t\t\t\t\t\t<a class=\"sf-1-slide-button-link-1\" href=\"https:\/\/en.wikipedia.org\/wiki\/Christ_the_Redeemer_(statue)\" target=\"_blank\">\t\t\t<!-- Slide Button 1 and link1 -->\r\n\t\t\t\t\t\t\t\t<button type=\"button\" class=\"sf-1-slide-button-1  sf-7-button1\">\r\n\t\t\t\t\t\t\t\tMore\t\t\t\t\t\t\t\t<\/button>\r\n\t\t\t\t\t\t\t<\/a>\r\n\t\t\t\t\t\t\t\r\n\t\t\t\t\t\t\t\t\t\t\t\t\t<a class=\"sf-1-slide-button-link-2\" href=\"https:\/\/www.google.com\/search?q=Christ+the+redeemer&#038;rlz=1C1CHBF_enIN918IN918&#038;hl=en-GB&#038;sxsrf=ALeKk02TdsYbqMFRXR-yraCn_AQ8StVb1Q:1613647649001&#038;source=lnms&#038;tbm=isch&#038;sa=X&#038;ved=2ahUKEwjq4qT3qfPuAhV4yTgGHXr2AqcQ_AUoAXoECCUQAw&#038;biw=1920&#038;bih=937\" target=\"_blank\">\t\t\t<!-- Slide Button 2 and link2 -->\r\n\t\t\t\t\t\t\t\t<button type=\"button\" class=\"sf-1-slide-button-2  sf-7-button2\">\r\n\t\t\t\t\t\t\t\t\tGallery\t\t\t\t\t\t\t\t<\/button>\r\n\t\t\t\t\t\t\t<\/a>\r\n\t\t\t\t\t\t\t\t\t\t\t\t\t<\/div>\r\n\t\t\t\t\t<\/li>\r\n\t\t\t\t\t\t\t\t\t<li style=\"\tbackground-image: url('https:\/\/wpfrank.com\/demo\/slider-factory-pro\/wp-content\/uploads\/sites\/8\/2021\/02\/Christ-the-redeemer.jpg');\" role=\"img\" aria-label=\"Christ the Redeemer\"  title=\"Christ the Redeemer\">\r\n\t\t\t\t\t\t<div class=\"inner\">\r\n\t\t\t\t\t\t\t<div class=\"sf-7-title\">Christ the Redeemer<\/div>\t\t\t\t\t\t\t\t\t\t\t\t\t<!-- Slide Title -->\r\n\t\t\t\t\t\t\t<div class=\"sf-7-desc\">Christ the Redeemer is an Art Deco statue of Jesus Christ in Rio de Janeiro, Brazil, created by Polish-French sculptor Paul Landowski and built by Brazilian engineer Heitor da Silva Costa, in collaboration with French engineer Albert Caquot.<\/div>\t\t\t\t\t\t\t\t\t\t<!-- Slide Desc -->\r\n\r\n\t\t\t\t\t\t\r\n\t\t\t\t\t\t\t\t\t\t\t\t<\/div>\r\n\t\t\t\t\t<\/li>\r\n\t\t\t\t\t\t\t\t\t<li style=\"\tbackground-image: url('https:\/\/wpfrank.com\/demo\/slider-factory-pro\/wp-content\/uploads\/sites\/8\/2021\/02\/Christ-the-redeemer-col-Copy-Copy.jpg');\" role=\"img\" aria-label=\"\"  title=\"\">\r\n\t\t\t\t\t\t<div class=\"inner\">\r\n\t\t\t\t\t\t\t<div class=\"sf-7-title\">The Colosseum<\/div>\t\t\t\t\t\t\t\t\t\t\t\t\t<!-- Slide Title -->\r\n\t\t\t\t\t\t\t<div class=\"sf-7-desc\">The Colosseum is an oval amphitheatre in the centre of the city of Rome, Italy, just east of the Roman Forum and is the largest ancient amphitheatre ever built, and is still the largest standing amphitheater in the world today, despite its age.<\/div>\t\t\t\t\t\t\t\t\t\t<!-- Slide Desc -->\r\n\r\n\t\t\t\t\t\t\t\t\t\t\t\t\t<a class=\"sf-1-slide-button-link-1\" href=\"https:\/\/en.wikipedia.org\/wiki\/Colosseum\" target=\"_blank\">\t\t\t<!-- Slide Button 1 and link1 -->\r\n\t\t\t\t\t\t\t\t<button type=\"button\" class=\"sf-1-slide-button-1  sf-7-button1\">\r\n\t\t\t\t\t\t\t\tMore\t\t\t\t\t\t\t\t<\/button>\r\n\t\t\t\t\t\t\t<\/a>\r\n\t\t\t\t\t\t\t\r\n\t\t\t\t\t\t\t\t\t\t\t\t\t<a class=\"sf-1-slide-button-link-2\" href=\"https:\/\/www.google.com\/search?q=colosseum&#038;rlz=1C1CHBF_enIN918IN918&#038;hl=en-GB&#038;sxsrf=ALeKk012hMxi1p_oKTC1qTCZvfT9oMmqkw:1613647965873&#038;source=lnms&#038;tbm=isch&#038;sa=X&#038;ved=2ahUKEwiv9LCOq_PuAhXezjgGHetyB_gQ_AUoAXoECCEQAw&#038;biw=1920&#038;bih=937\" target=\"_blank\">\t\t\t<!-- Slide Button 2 and link2 -->\r\n\t\t\t\t\t\t\t\t<button type=\"button\" class=\"sf-1-slide-button-2  sf-7-button2\">\r\n\t\t\t\t\t\t\t\t\tGallery\t\t\t\t\t\t\t\t<\/button>\r\n\t\t\t\t\t\t\t<\/a>\r\n\t\t\t\t\t\t\t\t\t\t\t\t\t<\/div>\r\n\t\t\t\t\t<\/li>\r\n\t\t\t\t\t\t\t\t\t<li style=\"\tbackground-image: url('https:\/\/wpfrank.com\/demo\/slider-factory-pro\/wp-content\/uploads\/sites\/8\/2021\/02\/colosseum.jpg');\" role=\"img\" aria-label=\"The Colosseum\"  title=\"The Colosseum\">\r\n\t\t\t\t\t\t<div class=\"inner\">\r\n\t\t\t\t\t\t\t<div class=\"sf-7-title\">The Colosseum<\/div>\t\t\t\t\t\t\t\t\t\t\t\t\t<!-- Slide Title -->\r\n\t\t\t\t\t\t\t<div class=\"sf-7-desc\">The Colosseum is an oval amphitheatre in the centre of the city of Rome, Italy, just east of the Roman Forum and is the largest ancient amphitheatre ever built, and is still the largest standing amphitheater in the world today, despite its age.<\/div>\t\t\t\t\t\t\t\t\t\t<!-- Slide Desc -->\r\n\r\n\t\t\t\t\t\t\r\n\t\t\t\t\t\t\t\t\t\t\t\t<\/div>\r\n\t\t\t\t\t<\/li>\r\n\t\t\t\t\t\t\t\t\t<li style=\"\tbackground-image: url('https:\/\/wpfrank.com\/demo\/slider-factory-pro\/wp-content\/uploads\/sites\/8\/2021\/02\/Christ-the-redeemer-col-Copy-Copy-Copy.jpg');\" role=\"img\" aria-label=\"\"  title=\"\">\r\n\t\t\t\t\t\t<div class=\"inner\">\r\n\t\t\t\t\t\t\t<div class=\"sf-7-title\">Machu Picchu<\/div>\t\t\t\t\t\t\t\t\t\t\t\t\t<!-- Slide Title -->\r\n\t\t\t\t\t\t\t<div class=\"sf-7-desc\">Machu Picchu is a 15th-century Inca citadel, located in the Eastern Cordillera of southern Peru, on a 2,430-metre (7,970 ft) mountain ridge. It is located in the Sacred Valley, which is 80 kilometres (50 mi) northwest of Cuzco.<\/div>\t\t\t\t\t\t\t\t\t\t<!-- Slide Desc -->\r\n\r\n\t\t\t\t\t\t\t\t\t\t\t\t\t<a class=\"sf-1-slide-button-link-1\" href=\"https:\/\/en.wikipedia.org\/wiki\/Machu_Picchu\" target=\"_blank\">\t\t\t<!-- Slide Button 1 and link1 -->\r\n\t\t\t\t\t\t\t\t<button type=\"button\" class=\"sf-1-slide-button-1  sf-7-button1\">\r\n\t\t\t\t\t\t\t\tMore\t\t\t\t\t\t\t\t<\/button>\r\n\t\t\t\t\t\t\t<\/a>\r\n\t\t\t\t\t\t\t\r\n\t\t\t\t\t\t\t\t\t\t\t\t\t<a class=\"sf-1-slide-button-link-2\" href=\"https:\/\/www.google.com\/search?q=machu+picchu&#038;rlz=1C1CHBF_enIN918IN918&#038;hl=en-GB&#038;sxsrf=ALeKk00A3DM8y_38u2zDBhFWWpHFs4TsyQ:1613648106688&#038;source=lnms&#038;tbm=isch&#038;sa=X&#038;ved=2ahUKEwjU4MPRq_PuAhX8zTgGHWM0CTsQ_AUoAXoECBYQAw&#038;biw=1920&#038;bih=937\" target=\"_blank\">\t\t\t<!-- Slide Button 2 and link2 -->\r\n\t\t\t\t\t\t\t\t<button type=\"button\" class=\"sf-1-slide-button-2  sf-7-button2\">\r\n\t\t\t\t\t\t\t\t\tGallery\t\t\t\t\t\t\t\t<\/button>\r\n\t\t\t\t\t\t\t<\/a>\r\n\t\t\t\t\t\t\t\t\t\t\t\t\t<\/div>\r\n\t\t\t\t\t<\/li>\r\n\t\t\t\t\t\t\t\t\t<li style=\"\tbackground-image: url('https:\/\/wpfrank.com\/demo\/slider-factory-pro\/wp-content\/uploads\/sites\/8\/2021\/02\/machi-picchu2.jpg');\" role=\"img\" aria-label=\"Machu Picchu\"  title=\"Machu Picchu\">\r\n\t\t\t\t\t\t<div class=\"inner\">\r\n\t\t\t\t\t\t\t<div class=\"sf-7-title\">Machu Picchu<\/div>\t\t\t\t\t\t\t\t\t\t\t\t\t<!-- Slide Title -->\r\n\t\t\t\t\t\t\t<div class=\"sf-7-desc\">Machu Picchu is a 15th-century Inca citadel, located in the Eastern Cordillera of southern Peru, on a 2,430-metre (7,970 ft) mountain ridge. It is located in the Sacred Valley, which is 80 kilometres (50 mi) northwest of Cuzco.<\/div>\t\t\t\t\t\t\t\t\t\t<!-- Slide Desc -->\r\n\r\n\t\t\t\t\t\t\r\n\t\t\t\t\t\t\t\t\t\t\t\t<\/div>\r\n\t\t\t\t\t<\/li>\r\n\t\t\t\t\t\t\t\t\t<li style=\"\tbackground-image: url('https:\/\/wpfrank.com\/demo\/slider-factory-pro\/wp-content\/uploads\/sites\/8\/2021\/02\/Christ-the-redeemer-col-Copy-Copy-Copy-Copy.jpg');\" role=\"img\" aria-label=\"\"  title=\"\">\r\n\t\t\t\t\t\t<div class=\"inner\">\r\n\t\t\t\t\t\t\t<div class=\"sf-7-title\">Great Wall of China<\/div>\t\t\t\t\t\t\t\t\t\t\t\t\t<!-- Slide Title -->\r\n\t\t\t\t\t\t\t<div class=\"sf-7-desc\">The Great Wall of China is a series of fortifications that were built across the historical northern borders of ancient Chinese states and Imperial China as protection against various nomadic groups from the Eurasian Steppe.<\/div>\t\t\t\t\t\t\t\t\t\t<!-- Slide Desc -->\r\n\r\n\t\t\t\t\t\t\t\t\t\t\t\t\t<a class=\"sf-1-slide-button-link-1\" href=\"https:\/\/en.wikipedia.org\/wiki\/Great_Wall_of_China\" target=\"_blank\">\t\t\t<!-- Slide Button 1 and link1 -->\r\n\t\t\t\t\t\t\t\t<button type=\"button\" class=\"sf-1-slide-button-1  sf-7-button1\">\r\n\t\t\t\t\t\t\t\tMore\t\t\t\t\t\t\t\t<\/button>\r\n\t\t\t\t\t\t\t<\/a>\r\n\t\t\t\t\t\t\t\r\n\t\t\t\t\t\t\t\t\t\t\t\t\t<a class=\"sf-1-slide-button-link-2\" href=\"https:\/\/www.google.com\/search?q=The+great+wall+of+china&#038;tbm=isch&#038;ved=2ahUKEwjA_YW5rPPuAhURbysKHYlOAzUQ2-cCegQIABAA&#038;oq=The+great+wall+of+china&#038;gs_lcp=CgNpbWcQAzIHCAAQsQMQQzICCAAyAggAMgIIADICCAAyAggAMgIIADICCAAyAggAMgIIADoECCMQJzoECAAQQzoFCAAQsQM6CAgAELEDEIMBUNuyBViX4QVgveMFaABwAHgAgAGSAYgBlRiSAQQwLjIzmAEAoAEBqgELZ3dzLXdpei1pbWfAAQE&#038;sclient=img&#038;ei=w1EuYICQL5HerQGJnY2oAw&#038;bih=937&#038;biw=1920&#038;rlz=1C1CHBF_enIN918IN918&#038;hl=en-GB\" target=\"_blank\">\t\t\t<!-- Slide Button 2 and link2 -->\r\n\t\t\t\t\t\t\t\t<button type=\"button\" class=\"sf-1-slide-button-2  sf-7-button2\">\r\n\t\t\t\t\t\t\t\t\tGallery\t\t\t\t\t\t\t\t<\/button>\r\n\t\t\t\t\t\t\t<\/a>\r\n\t\t\t\t\t\t\t\t\t\t\t\t\t<\/div>\r\n\t\t\t\t\t<\/li>\r\n\t\t\t\t\t\t\t\t\t<li style=\"\tbackground-image: url('https:\/\/wpfrank.com\/demo\/slider-factory-pro\/wp-content\/uploads\/sites\/8\/2021\/02\/The-great-wall-of-china.jpg');\" role=\"img\" aria-label=\"Great Wall of China\"  title=\"Great Wall of China\">\r\n\t\t\t\t\t\t<div class=\"inner\">\r\n\t\t\t\t\t\t\t<div class=\"sf-7-title\">The Great Wall of China<\/div>\t\t\t\t\t\t\t\t\t\t\t\t\t<!-- Slide Title -->\r\n\t\t\t\t\t\t\t<div class=\"sf-7-desc\">The Great Wall of China is a series of fortifications that were built across the historical northern borders of ancient Chinese states and Imperial China as protection against various nomadic groups from the Eurasian Steppe.<\/div>\t\t\t\t\t\t\t\t\t\t<!-- Slide Desc -->\r\n\r\n\t\t\t\t\t\t\r\n\t\t\t\t\t\t\t\t\t\t\t\t<\/div>\r\n\t\t\t\t\t<\/li>\r\n\t\t\t\t\t\t\t\t\t<li style=\"\tbackground-image: url('https:\/\/wpfrank.com\/demo\/slider-factory-pro\/wp-content\/uploads\/sites\/8\/2021\/02\/Christ-the-redeemer-col-Copy-Copy-Copy-Copy-Copy.jpg');\" role=\"img\" aria-label=\"\"  title=\"\">\r\n\t\t\t\t\t\t<div class=\"inner\">\r\n\t\t\t\t\t\t\t<div class=\"sf-7-title\">Taj Mahal<\/div>\t\t\t\t\t\t\t\t\t\t\t\t\t<!-- Slide Title -->\r\n\t\t\t\t\t\t\t<div class=\"sf-7-desc\">The Taj Mahal is an ivory-white marble mausoleum on the southern bank of the river Yamuna in the Indian city of Agra. It was commissioned in 1632 by the Mughal emperor Shah Jahan (reigned from 1628 to 1658) to house the tomb of his favourite wife, Mumtaz Mahal; it also houses the tomb of Shah Jahan himself.<\/div>\t\t\t\t\t\t\t\t\t\t<!-- Slide Desc -->\r\n\r\n\t\t\t\t\t\t\t\t\t\t\t\t\t<a class=\"sf-1-slide-button-link-1\" href=\"https:\/\/www.google.com\/search?q=taj+mahal&#038;tbm=isch&#038;ved=2ahUKEwjWw9LmrPPuAhXRGXIKHVZMCOkQ2-cCegQIABAA&#038;oq=taj+mahal&#038;gs_lcp=CgNpbWcQAzIHCAAQsQMQQzIHCAAQsQMQQzIHCAAQsQMQQzIFCAAQsQMyBQgAELEDMgcIABCxAxBDMgQIABBDMgQIABBDMgUIABCxAzIFCAAQsQM6BAgjECc6CAgAELEDEIMBULKLBVjTnAVgpqIFaABwAHgAgAGXAYgBwgmSAQMwLjmYAQCgAQGqAQtnd3Mtd2l6LWltZ8ABAQ&#038;sclient=img&#038;ei=I1IuYJamGNGzyAPWmKHIDg&#038;bih=937&#038;biw=1920&#038;rlz=1C1CHBF_enIN918IN918&#038;hl=en-GB\" target=\"_blank\">\t\t\t<!-- Slide Button 1 and link1 -->\r\n\t\t\t\t\t\t\t\t<button type=\"button\" class=\"sf-1-slide-button-1  sf-7-button1\">\r\n\t\t\t\t\t\t\t\tMore\t\t\t\t\t\t\t\t<\/button>\r\n\t\t\t\t\t\t\t<\/a>\r\n\t\t\t\t\t\t\t\r\n\t\t\t\t\t\t\t\t\t\t\t\t\t<a class=\"sf-1-slide-button-link-2\" href=\"https:\/\/en.wikipedia.org\/wiki\/Taj_Mahal\" target=\"_blank\">\t\t\t<!-- Slide Button 2 and link2 -->\r\n\t\t\t\t\t\t\t\t<button type=\"button\" class=\"sf-1-slide-button-2  sf-7-button2\">\r\n\t\t\t\t\t\t\t\t\tGallery\t\t\t\t\t\t\t\t<\/button>\r\n\t\t\t\t\t\t\t<\/a>\r\n\t\t\t\t\t\t\t\t\t\t\t\t\t<\/div>\r\n\t\t\t\t\t<\/li>\r\n\t\t\t\t\t\t\t\t\t<li style=\"\tbackground-image: url('https:\/\/wpfrank.com\/demo\/slider-factory-pro\/wp-content\/uploads\/sites\/8\/2021\/02\/Taj-Mahal.jpg');\" role=\"img\" aria-label=\"Taj Mahal\"  title=\"Taj Mahal\">\r\n\t\t\t\t\t\t<div class=\"inner\">\r\n\t\t\t\t\t\t\t<div class=\"sf-7-title\">Taj Mahal<\/div>\t\t\t\t\t\t\t\t\t\t\t\t\t<!-- Slide Title -->\r\n\t\t\t\t\t\t\t<div class=\"sf-7-desc\">The Taj Mahal is an ivory-white marble mausoleum on the southern bank of river Yamuna in the Indian city of Agra. It was commissioned in 1632 by Mughal emperor Shah Jahan (reigned from 1628 to 1658) to house the tomb of his favourite wife, Mumtaz Mahal.<\/div>\t\t\t\t\t\t\t\t\t\t<!-- Slide Desc -->\r\n\r\n\t\t\t\t\t\t\r\n\t\t\t\t\t\t\t\t\t\t\t\t<\/div>\r\n\t\t\t\t\t<\/li>\r\n\t\t\t\t\t\t\t\t\t<li style=\"\tbackground-image: url('https:\/\/wpfrank.com\/demo\/slider-factory-pro\/wp-content\/uploads\/sites\/8\/2021\/02\/Christ-the-redeemer-col-Copy-Copy-Copy-Copy-Copy-Copy.jpg');\" role=\"img\" aria-label=\"\"  title=\"\">\r\n\t\t\t\t\t\t<div class=\"inner\">\r\n\t\t\t\t\t\t\t<div class=\"sf-7-title\">Petra<\/div>\t\t\t\t\t\t\t\t\t\t\t\t\t<!-- Slide Title -->\r\n\t\t\t\t\t\t\t<div class=\"sf-7-desc\">Petra originally known to its inhabitants in as Raqmu or Raq\u0113m\u014d, is a historic and archaeological city in southern Jordan. Petra lies around Jabal Al-Madbah in a basin surrounded by mountains which form the eastern flank of the Arabah valley that runs from the Dead Sea to the Gulf of Aqaba.<\/div>\t\t\t\t\t\t\t\t\t\t<!-- Slide Desc -->\r\n\r\n\t\t\t\t\t\t\t\t\t\t\t\t\t<a class=\"sf-1-slide-button-link-1\" href=\"https:\/\/en.wikipedia.org\/wiki\/Petra\" target=\"_blank\">\t\t\t<!-- Slide Button 1 and link1 -->\r\n\t\t\t\t\t\t\t\t<button type=\"button\" class=\"sf-1-slide-button-1  sf-7-button1\">\r\n\t\t\t\t\t\t\t\tMore\t\t\t\t\t\t\t\t<\/button>\r\n\t\t\t\t\t\t\t<\/a>\r\n\t\t\t\t\t\t\t\r\n\t\t\t\t\t\t\t\t\t\t\t\t\t<a class=\"sf-1-slide-button-link-2\" href=\"https:\/\/www.google.com\/search?q=petra&#038;rlz=1C1CHBF_enIN918IN918&#038;hl=en-GB&#038;sxsrf=ALeKk01xCtG5KTXziJwz6MwVrYSe0LkH-g:1613648700638&#038;source=lnms&#038;tbm=isch&#038;sa=X&#038;ved=2ahUKEwiFwd_srfPuAhV7yTgGHWKWBE8Q_AUoAXoECCQQAw&#038;cshid=1613648768038953&#038;biw=1920&#038;bih=937\" target=\"_blank\">\t\t\t<!-- Slide Button 2 and link2 -->\r\n\t\t\t\t\t\t\t\t<button type=\"button\" class=\"sf-1-slide-button-2  sf-7-button2\">\r\n\t\t\t\t\t\t\t\t\tGallery\t\t\t\t\t\t\t\t<\/button>\r\n\t\t\t\t\t\t\t<\/a>\r\n\t\t\t\t\t\t\t\t\t\t\t\t\t<\/div>\r\n\t\t\t\t\t<\/li>\r\n\t\t\t\t\t\t\t\t\t<li style=\"\tbackground-image: url('https:\/\/wpfrank.com\/demo\/slider-factory-pro\/wp-content\/uploads\/sites\/8\/2021\/02\/Petra.jpg');\" role=\"img\" aria-label=\"Petra\"  title=\"Petra\">\r\n\t\t\t\t\t\t<div class=\"inner\">\r\n\t\t\t\t\t\t\t<div class=\"sf-7-title\">Petra<\/div>\t\t\t\t\t\t\t\t\t\t\t\t\t<!-- Slide Title -->\r\n\t\t\t\t\t\t\t<div class=\"sf-7-desc\">Petra originally known to its inhabitants in as Raqmu or Raq\u0113m\u014d, is a historic and archaeological city in southern Jordan. Petra lies around Jabal Al-Madbah in a basin surrounded by mountains which form eastern flank of Arabah valley that runs from Dead Sea to Gulf of Aqaba.<\/div>\t\t\t\t\t\t\t\t\t\t<!-- Slide Desc -->\r\n\r\n\t\t\t\t\t\t\r\n\t\t\t\t\t\t\t\t\t\t\t\t<\/div>\r\n\t\t\t\t\t<\/li>\r\n\t\t\t\t\t\t\t\t\t<\/ul>\r\n\t<\/div>\r\n<\/div>\r\n<!-- slider end-->\r\n\r\n<script>\r\njQuery(function(){ \r\n\tjQuery('.sf-7-rotating-slider').rotatingSlider({\r\n\t\t\/\/ auto play\r\n\t\tautoRotate: true,\r\n\r\n\t\t\/\/ auto play interval\r\n\t\tautoRotateInterval: 2500,\r\n\r\n\t\t\/\/ is draggable?\r\n\t\tdraggable: true,\r\n\r\n\t\t\/\/ slider controls\r\n\t\t\t\t\tdirectionControls: true,\r\n\t\t\t\t\tdirectionLeftText: '&lsaquo;',\r\n\t\tdirectionRightText: '&rsaquo;',\r\n\r\n\t\t\/\/ animation speed\r\n\t\trotationSpeed: 450,\r\n\r\n\t\t\/\/ size of slider\r\n\t\t\/\/slideHeight : Math.min(360, window.innerWidth -80),\r\n\t\t\/\/slideWidth : Math.min(480, window.innerWidth - 80),\r\n\t\tslideHeight : Math.min(500, window.innerWidth -80),  \/\/slide_circle_size\r\n\t\tslideWidth : Math.min(350, window.innerWidth - 80),  \/\/inner_circle_size\r\n\t});\r\n});\r\n<\/script>\r\n\n<br \/>\n&nbsp;[\/vc_column_text][\/vc_column][\/vc_row][vc_row][vc_column][vc_column_text]<strong>Settings Used : <\/strong>Width &#8211; 100%,\u00a0 Height &#8211; 900px, Slide Circle Size &#8211; 400, Inner Circle Size &#8211; 500, Circle Type &#8211; Half, Auto Play &#8211; ON, Auto Play Speed &#8211; 2500, Rotation Transition Speed &#8211; 450, Mouse Draggable &#8211; ON, Slider Navigation Arrow &#8211; ON, Custom CSS<\/p>\n<p><strong>Note :\u00a0<\/strong>This slider can used only once on one page.[\/vc_column_text][\/vc_column][\/vc_row][vc_row][vc_column][vc_empty_space height=&#8221;100px&#8221;][\/vc_column][\/vc_row][vc_row][vc_column][vc_column_text]<\/p>\n<div class=\"wpb_text_column wpb_content_element \">\n<div class=\"wpb_wrapper\">\n<h2 style=\"text-align: center;\"><strong>Youtube Tutorial<\/strong><\/h2>\n<\/div>\n<\/div>\n<p>[\/vc_column_text][vc_video link=&#8221;https:\/\/www.youtube.com\/watch?v=Csz5TOH94sU&#8221;][\/vc_column][\/vc_row]<\/p>\n","protected":false},"excerpt":{"rendered":"<p>[vc_row full_width=&#8221;stretch_row_content_no_spaces&#8221;][vc_column][vc_column_text] An Example With\u00a0Title, Description, Button-Links and Custom CSS<\/p>\n","protected":false},"author":1,"featured_media":0,"parent":0,"menu_order":17,"comment_status":"closed","ping_status":"closed","template":"","meta":{"footnotes":""},"class_list":["post-2411","page","type-page","status-publish","hentry"],"_links":{"self":[{"href":"https:\/\/wpfrank.com\/demo\/slider-factory-pro\/wp-json\/wp\/v2\/pages\/2411","targetHints":{"allow":["GET"]}}],"collection":[{"href":"https:\/\/wpfrank.com\/demo\/slider-factory-pro\/wp-json\/wp\/v2\/pages"}],"about":[{"href":"https:\/\/wpfrank.com\/demo\/slider-factory-pro\/wp-json\/wp\/v2\/types\/page"}],"author":[{"embeddable":true,"href":"https:\/\/wpfrank.com\/demo\/slider-factory-pro\/wp-json\/wp\/v2\/users\/1"}],"replies":[{"embeddable":true,"href":"https:\/\/wpfrank.com\/demo\/slider-factory-pro\/wp-json\/wp\/v2\/comments?post=2411"}],"version-history":[{"count":9,"href":"https:\/\/wpfrank.com\/demo\/slider-factory-pro\/wp-json\/wp\/v2\/pages\/2411\/revisions"}],"predecessor-version":[{"id":3073,"href":"https:\/\/wpfrank.com\/demo\/slider-factory-pro\/wp-json\/wp\/v2\/pages\/2411\/revisions\/3073"}],"wp:attachment":[{"href":"https:\/\/wpfrank.com\/demo\/slider-factory-pro\/wp-json\/wp\/v2\/media?parent=2411"}],"curies":[{"name":"wp","href":"https:\/\/api.w.org\/{rel}","templated":true}]}}